{"id":86,"date":"2023-11-26T15:05:11","date_gmt":"2023-11-26T15:05:11","guid":{"rendered":"https:\/\/monkeydays.colegiulcatolicbacau.ro\/?page_id=86"},"modified":"2023-11-27T10:24:36","modified_gmt":"2023-11-27T10:24:36","slug":"autovehiculele","status":"publish","type":"page","link":"https:\/\/monkeydays.colegiulcatolicbacau.ro\/index.php\/autovehiculele\/","title":{"rendered":"Autovehiculele"},"content":{"rendered":"\n<p>Ma\u0219inile au revolu\u021bionat modul \u00een care ne deplas\u0103m \u0219i au avut un impact semnificativ asupra societ\u0103\u021bii moderne. De la primele vehicule cu aburi din secolul al XIX-lea p\u00e2n\u0103 la automobilele electrice \u0219i autonome ale zilelor noastre, tehnologia auto a evoluat spectaculos.<\/p>\n\n\n\n<p>Ma\u0219inile au adus mobilitate \u00een mas\u0103, facilit\u00e2nd c\u0103l\u0103toriile \u0219i conect\u00e2nd oamenii la distan\u021be mari. Ele au transformat peisajul urban \u0219i au schimbat modul \u00een care oamenii lucreaz\u0103 \u0219i se distreaz\u0103. Cu toate acestea, exist\u0103 \u0219i provoc\u0103ri asociate cu cre\u0219terea parcului auto, precum congestiile rutiere \u0219i impactul asupra mediului.<\/p>\n\n\n\n<p>\u00cen ultimele decenii, accentul s-a mutat \u0219i c\u0103tre vehiculele ecologice, cum ar fi ma\u0219inile electrice, \u00eentr-un efort de a reduce emisiile de gaze cu efect de ser\u0103. De asemenea, cercet\u0103rile \u00een domeniul ma\u0219inilor autonome au avansat, deschiz\u00e2nd perspective fascinante asupra viitorului transportului.<\/p>\n\n\n\n<p>Astfel, ma\u0219inile nu sunt doar mijloace de transport, ci \u0219i un aspect esen\u021bial al progresului tehnologic \u0219i social, influen\u021b\u00e2nd \u00een mod semnificativ modul nostru de via\u021b\u0103 \u0219i model\u00e2nd peisajul modern al ora\u0219elor \u0219i al drumurilor.<\/p>\n\n\n\n<figure class=\"wp-block-image size-large\"><img decoding=\"async\" loading=\"lazy\" width=\"1024\" height=\"576\" src=\"https:\/\/monkeydays.colegiulcatolicbacau.ro\/wp-content\/uploads\/2023\/11\/image-9-1024x576.png\" alt=\"\" class=\"wp-image-87\" srcset=\"https:\/\/monkeydays.colegiulcatolicbacau.ro\/wp-content\/uploads\/2023\/11\/image-9-1024x576.png 1024w, https:\/\/monkeydays.colegiulcatolicbacau.ro\/wp-content\/uploads\/2023\/11\/image-9-300x169.png 300w, https:\/\/monkeydays.colegiulcatolicbacau.ro\/wp-content\/uploads\/2023\/11\/image-9-768x432.png 768w, https:\/\/monkeydays.colegiulcatolicbacau.ro\/wp-content\/uploads\/2023\/11\/image-9-1536x864.png 1536w, https:\/\/monkeydays.colegiulcatolicbacau.ro\/wp-content\/uploads\/2023\/11\/image-9-2048x1152.png 2048w\" sizes=\"(max-width: 1024px) 100vw, 1024px\" \/><\/figure>\n","protected":false},"excerpt":{"rendered":"<p>Ma\u0219inile au revolu\u021bionat modul \u00een care ne deplas\u0103m \u0219i au avut un impact semnificativ asupra&#8230;<\/p>\n","protected":false},"author":3,"featured_media":0,"parent":0,"menu_order":0,"comment_status":"closed","ping_status":"closed","template":"","meta":{"footnotes":""},"_links":{"self":[{"href":"https:\/\/monkeydays.colegiulcatolicbacau.ro\/index.php\/wp-json\/wp\/v2\/pages\/86"}],"collection":[{"href":"https:\/\/monkeydays.colegiulcatolicbacau.ro\/index.php\/wp-json\/wp\/v2\/pages"}],"about":[{"href":"https:\/\/monkeydays.colegiulcatolicbacau.ro\/index.php\/wp-json\/wp\/v2\/types\/page"}],"author":[{"embeddable":true,"href":"https:\/\/monkeydays.colegiulcatolicbacau.ro\/index.php\/wp-json\/wp\/v2\/users\/3"}],"replies":[{"embeddable":true,"href":"https:\/\/monkeydays.colegiulcatolicbacau.ro\/index.php\/wp-json\/wp\/v2\/comments?post=86"}],"version-history":[{"count":2,"href":"https:\/\/monkeydays.colegiulcatolicbacau.ro\/index.php\/wp-json\/wp\/v2\/pages\/86\/revisions"}],"predecessor-version":[{"id":90,"href":"https:\/\/monkeydays.colegiulcatolicbacau.ro\/index.php\/wp-json\/wp\/v2\/pages\/86\/revisions\/90"}],"wp:attachment":[{"href":"https:\/\/monkeydays.colegiulcatolicbacau.ro\/index.php\/wp-json\/wp\/v2\/media?parent=86"}],"curies":[{"name":"wp","href":"https:\/\/api.w.org\/{rel}","templated":true}]}}