{"id":91,"date":"2023-11-26T15:06:20","date_gmt":"2023-11-26T15:06:20","guid":{"rendered":"https:\/\/monkeydays.colegiulcatolicbacau.ro\/?page_id=91"},"modified":"2023-11-27T10:24:45","modified_gmt":"2023-11-27T10:24:45","slug":"evolutia-maimutelor","status":"publish","type":"page","link":"https:\/\/monkeydays.colegiulcatolicbacau.ro\/index.php\/evolutia-maimutelor\/","title":{"rendered":"Evolutia Maimutelor"},"content":{"rendered":"\n<p>Maimu\u021bele au avut o evolu\u021bie complex\u0103 pe parcursul milioanelor de ani. Str\u0103mo\u0219ii maimu\u021belor au ap\u0103rut \u00een Africa acum aproximativ 25 de milioane de ani. \u00cen decursul timpului, aceste creaturi au evoluat \u00eentr-o varietate de specii adaptate la diferite medii.<\/p>\n\n\n\n<p>Un punct important \u00een evolu\u021bia maimu\u021belor este reprezentat de trecerea lor la via\u021ba \u00een arbori, dezvolt\u00e2ndu-\u0219i abilit\u0103\u021bi pentru a se deplasa \u0219i a tr\u0103i \u00een acest mediu. Un exemplu notabil este evolu\u021bia maimu\u021belor antropoide, care includ cimpanzeii \u0219i gorilele.<\/p>\n\n\n\n<p>Cu trecerea milioanelor de ani, unele specii de maimu\u021be antropoide au dat na\u0219tere hominizilor, str\u0103mo\u0219ilor umanilor. Aceast\u0103 evolu\u021bie a implicat schimb\u0103ri semnificative \u00een morfologie, comportament \u0219i capacitatea de a utiliza instrumente.<\/p>\n\n\n\n<p>Astfel, evolu\u021bia maimu\u021belor reprezint\u0103 o poveste fascinant\u0103 a adapt\u0103rii la diverse medii \u0219i schimb\u0103ri \u00een r\u0103spunsurile la presiunile de mediu, contribuind la diversitatea \u0219i complexitatea lumii vii.<\/p>\n\n\n\n<figure class=\"wp-block-image size-full is-resized\"><img decoding=\"async\" loading=\"lazy\" width=\"298\" height=\"169\" src=\"https:\/\/monkeydays.colegiulcatolicbacau.ro\/wp-content\/uploads\/2023\/11\/image-10.png\" alt=\"\" class=\"wp-image-92\" style=\"aspect-ratio:1.7633136094674555;width:744px;height:auto\"\/><\/figure>\n","protected":false},"excerpt":{"rendered":"<p>Maimu\u021bele au avut o evolu\u021bie complex\u0103 pe parcursul milioanelor de ani. Str\u0103mo\u0219ii maimu\u021belor au ap\u0103rut&#8230;<\/p>\n","protected":false},"author":4,"featured_media":0,"parent":0,"menu_order":0,"comment_status":"closed","ping_status":"closed","template":"","meta":{"footnotes":""},"_links":{"self":[{"href":"https:\/\/monkeydays.colegiulcatolicbacau.ro\/index.php\/wp-json\/wp\/v2\/pages\/91"}],"collection":[{"href":"https:\/\/monkeydays.colegiulcatolicbacau.ro\/index.php\/wp-json\/wp\/v2\/pages"}],"about":[{"href":"https:\/\/monkeydays.colegiulcatolicbacau.ro\/index.php\/wp-json\/wp\/v2\/types\/page"}],"author":[{"embeddable":true,"href":"https:\/\/monkeydays.colegiulcatolicbacau.ro\/index.php\/wp-json\/wp\/v2\/users\/4"}],"replies":[{"embeddable":true,"href":"https:\/\/monkeydays.colegiulcatolicbacau.ro\/index.php\/wp-json\/wp\/v2\/comments?post=91"}],"version-history":[{"count":1,"href":"https:\/\/monkeydays.colegiulcatolicbacau.ro\/index.php\/wp-json\/wp\/v2\/pages\/91\/revisions"}],"predecessor-version":[{"id":93,"href":"https:\/\/monkeydays.colegiulcatolicbacau.ro\/index.php\/wp-json\/wp\/v2\/pages\/91\/revisions\/93"}],"wp:attachment":[{"href":"https:\/\/monkeydays.colegiulcatolicbacau.ro\/index.php\/wp-json\/wp\/v2\/media?parent=91"}],"curies":[{"name":"wp","href":"https:\/\/api.w.org\/{rel}","templated":true}]}}